{"id":3661,"date":"2022-12-07T18:24:59","date_gmt":"2022-12-07T18:24:59","guid":{"rendered":"https:\/\/fibraencasa.cr\/?page_id=3661"},"modified":"2025-08-21T03:28:16","modified_gmt":"2025-08-21T03:28:16","slug":"planes-gam","status":"publish","type":"page","link":"https:\/\/fibraencasa.cr\/en\/planes-gam\/","title":{"rendered":"Plans"},"content":{"rendered":"<div class=\"vc_row wpb_row vc_row-fluid\"><div class=\"wpb_column vc_column_container vc_col-sm-2 vc_hidden-sm vc_hidden-xs sc_layouts_column_icons_position_left\"><div class=\"vc_column-inner\"><div class=\"wpb_wrapper\"><\/div><\/div><\/div><div class=\"wpb_column vc_column_container vc_col-sm-12 vc_col-lg-8 vc_col-md-8 vc_col-xs-12 sc_layouts_column_icons_position_left\"><div class=\"vc_column-inner\"><div class=\"wpb_wrapper\">\n\t<div class=\"wpb_text_column wpb_content_element\" id=\"#internet-plan\">\n\t\t<div class=\"wpb_wrapper\">\n\t\t\t<h4 id=\"plan-internet\" style=\"text-align: center;\">Bandwidth Internet<\/h4>\n\n\t\t<\/div>\n\t<\/div>\n<div class=\"vc_empty_space  hide_on_tablet hide_on_mobile\"   style=\"height: 2.85em\"><span class=\"vc_empty_space_inner\"><\/span><\/div>\n\t<div class=\"wpb_text_column wpb_content_element\" >\n\t\t<div class=\"wpb_wrapper\">\n\t\t\t<p style=\"text-align: center;\">Todos nuestros planes brindan conexi\u00f3n sim\u00e9trica, a trav\u00e9s de una red 100% fibra \u00f3ptica.<\/p>\n\n\t\t<\/div>\n\t<\/div>\n<div class=\"vc_empty_space\"   style=\"height: 2.85em\"><span class=\"vc_empty_space_inner\"><\/span><\/div><div class=\"vc_empty_space  hide_on_tablet hide_on_mobile\"   style=\"height: 2.85em\"><span class=\"vc_empty_space_inner\"><\/span><\/div><\/div><\/div><\/div><div class=\"wpb_column vc_column_container vc_col-sm-2 vc_hidden-sm vc_hidden-xs sc_layouts_column_icons_position_left\"><div class=\"vc_column-inner\"><div class=\"wpb_wrapper\"><\/div><\/div><\/div><\/div><div class=\"vc_row wpb_row vc_row-fluid\"><div class=\"wpb_column vc_column_container vc_col-sm-12 sc_layouts_column_icons_position_left\"><div class=\"vc_column-inner\"><div class=\"wpb_wrapper\"><div class=\"vc_tta-container\" data-vc-action=\"collapse\"><div class=\"vc_general vc_tta vc_tta-tabs vc_tta-color-grey vc_tta-style-classic vc_tta-shape-rounded vc_tta-spacing-10 vc_tta-gap-10 vc_tta-o-no-fill vc_tta-tabs-position-top vc_tta-controls-align-center\"><div class=\"vc_tta-tabs-container\"><ul class=\"vc_tta-tabs-list\"><li class=\"vc_tta-tab vc_active\" data-vc-tab><a href=\"#1626153818278-68041238-a0b3\" data-vc-tabs data-vc-container=\".vc_tta\"><i class=\"vc_tta-icon fas fa-wifi\"><\/i><span class=\"vc_tta-title-text\"><\/span><\/a><\/li><\/ul><\/div><div class=\"vc_tta-panels-container\"><div class=\"vc_tta-panels\"><div class=\"vc_tta-panel vc_active\" id=\"1626153818278-68041238-a0b3\" data-vc-content=\".vc_tta-panel-body\"><div class=\"vc_tta-panel-heading\"><h4 class=\"vc_tta-panel-title\"><a href=\"#1626153818278-68041238-a0b3\" data-vc-accordion data-vc-container=\".vc_tta-container\"><i class=\"vc_tta-icon fas fa-wifi\"><\/i><span class=\"vc_tta-title-text\"><\/span><\/a><\/h4><\/div><div class=\"vc_tta-panel-body\"><div  id=\"sc_price_231702495\" \n\tclass=\"sc_price color_style_default sc_price_extra\"><div class=\"sc_price_content sc_item_content\"><div class=\"sc_price_item sc_price_item_extra\">\n\t\t\t<div class=\"sc_price_item_info\">\n\t\t\t\t<div class=\"sc_price_info_1\">\n\t\t\t\n\t\t\t\t<h6 class=\"sc_price_item_subtitle\"><span>Internet<\/span><\/h6><h3 class=\"sc_price_item_title\"><span>50Mbps<\/span><\/h3><div class=\"sc_price_item_details\">50Mbps \/ 50Mbps, Symmetric Service, 100% Fiber Optic<\/div>\t\t\t\t\t<\/div>\n\t\t\t\t\t\n\t\t\t\t<div class=\"sc_price_info_2\">\n\t\t\t\t<div class=\"sc_price_item_price\"><span class=\"sc_price_item_price_value\">\u00a219<\/span><span class=\"sc_price_item_price_decimals\">900<\/span><span class=\"sc_price_item_price_after\">per month<\/span><\/div><a href=\"\/en\/cobertura\/\" class=\"sc_price_item_link sc_button sc_button_size_small\" target=\"_blank\">\u00a1CONTRACT NOW!<\/a>\n\t\t\t\t\t<\/div>\n\t\t\t\t\t<\/div><!-- \/.sc_price_item_info --><\/div><div class=\"sc_price_item sc_price_item_extra\">\n\t\t\t<div class=\"sc_price_item_info\">\n\t\t\t\t<div class=\"sc_price_info_1\">\n\t\t\t\n\t\t\t\t<h6 class=\"sc_price_item_subtitle\"><span>Internet<\/span><\/h6><h3 class=\"sc_price_item_title\"><span>100Mbps<\/span><\/h3><div class=\"sc_price_item_details\">100Mbps \/ 100Mbps, Symmetric Service, 100% Fiber Optic<\/div>\t\t\t\t\t<\/div>\n\t\t\t\t\t\n\t\t\t\t<div class=\"sc_price_info_2\">\n\t\t\t\t<div class=\"sc_price_item_price\"><span class=\"sc_price_item_price_value\">\u00a224<\/span><span class=\"sc_price_item_price_decimals\">900<\/span><span class=\"sc_price_item_price_after\">per month<\/span><\/div><a href=\"\/en\/cobertura\/\" class=\"sc_price_item_link sc_button sc_button_size_small\" target=\"_blank\">\u00a1CONTRACT NOW!<\/a>\n\t\t\t\t\t<\/div>\n\t\t\t\t\t<\/div><!-- \/.sc_price_item_info --><\/div><div class=\"sc_price_item sc_price_item_extra\">\n\t\t\t<div class=\"sc_price_item_info\">\n\t\t\t\t<div class=\"sc_price_info_1\">\n\t\t\t\n\t\t\t\t<h6 class=\"sc_price_item_subtitle\"><span>Internet<\/span><\/h6><h3 class=\"sc_price_item_title\"><span>200Mbps<\/span><\/h3><div class=\"sc_price_item_details\">200Mbps \/ 200Mbps, Servicio Sim\u00e9trico, 100% Fibra \u00d3ptica<\/div>\t\t\t\t\t<\/div>\n\t\t\t\t\t\n\t\t\t\t<div class=\"sc_price_info_2\">\n\t\t\t\t<div class=\"sc_price_item_price\"><span class=\"sc_price_item_price_value\">\u00a229<\/span><span class=\"sc_price_item_price_decimals\">900<\/span><span class=\"sc_price_item_price_after\">per month<\/span><\/div><a href=\"\/en\/cobertura\/\" class=\"sc_price_item_link sc_button sc_button_size_small\" target=\"_blank\">\u00a1CONTRACT NOW!<\/a>\n\t\t\t\t\t<\/div>\n\t\t\t\t\t<\/div><!-- \/.sc_price_item_info --><\/div><div class=\"sc_price_item sc_price_item_extra\">\n\t\t\t<div class=\"sc_price_item_info\">\n\t\t\t\t<div class=\"sc_price_info_1\">\n\t\t\t\n\t\t\t\t<h6 class=\"sc_price_item_subtitle\"><span>Internet<\/span><\/h6><h3 class=\"sc_price_item_title\"><span>300Mbps<\/span><\/h3><div class=\"sc_price_item_details\">300Mbps \/ 300Mbps, Symmetric Service, 100% Optical Fiber<\/div>\t\t\t\t\t<\/div>\n\t\t\t\t\t\n\t\t\t\t<div class=\"sc_price_info_2\">\n\t\t\t\t<div class=\"sc_price_item_price\"><span class=\"sc_price_item_price_value\">\u00a234<\/span><span class=\"sc_price_item_price_decimals\">900<\/span><span class=\"sc_price_item_price_after\">per month<\/span><\/div><a href=\"\/en\/cobertura\/\" class=\"sc_price_item_link sc_button sc_button_size_small\" target=\"_blank\">\u00a1CONTRACT NOW!<\/a>\n\t\t\t\t\t<\/div>\n\t\t\t\t\t<\/div><!-- \/.sc_price_item_info --><\/div><\/div><\/div><!-- \/.sc_price --><div class=\"vc_empty_space\"   style=\"height: 2.2em\"><span class=\"vc_empty_space_inner\"><\/span><\/div>\n\t<div class=\"wpb_text_column wpb_content_element\" >\n\t\t<div class=\"wpb_wrapper\">\n\t\t\t<h6 style=\"text-align: center;\">Precios con IVAI, tasas de financiamiento 911 y cruz roja.<\/h6>\n<p style=\"text-align: center;\">La instalaci\u00f3n de fibra \u00f3ptica est\u00e1 sujeta a disponibilidad de cobertura, (La disponibilidad o factibilidad t\u00e9cnica se define previo a la suscripci\u00f3n del contrato). el costo de instalaci\u00f3n del servicio es de \u00a256.500 IVAI.\u00a0 Equipamiento b\u00e1sico incluido. Fibra en Casa no solicitar\u00e1 al usuario final el pago de un dep\u00f3sito de garant\u00eda por la suscripci\u00f3n de los servicios contratados.<\/p>\n<p style=\"text-align: center;\">En caso de requerir una IP p\u00fablica el costo de adquisi\u00f3n es de \u00a212.000 IVAI.<\/p>\n\n\t\t<\/div>\n\t<\/div>\n<\/div><\/div><\/div><\/div><\/div><\/div><div class=\"vc_empty_space\"   style=\"height: 2.5em\"><span class=\"vc_empty_space_inner\"><\/span><\/div><div class=\"vc_empty_space  hide_on_tablet hide_on_mobile\"   style=\"height: 2.5em\"><span class=\"vc_empty_space_inner\"><\/span><\/div><\/div><\/div><\/div><\/div><div data-vc-full-width=\"true\" data-vc-full-width-init=\"false\" class=\"vc_row wpb_row vc_row-fluid vc_custom_1510847121363 vc_row-has-fill\"><div class=\"wpb_column vc_column_container vc_col-sm-2 sc_layouts_column_icons_position_left\"><div class=\"vc_column-inner\"><div class=\"wpb_wrapper\"><\/div><\/div><\/div><div class=\"wpb_column vc_column_container vc_col-sm-8 sc_layouts_column_icons_position_left\"><div class=\"vc_column-inner\"><div class=\"wpb_wrapper\"><div class=\"vc_empty_space\"   style=\"height: 4.4em\"><span class=\"vc_empty_space_inner\"><\/span><\/div><div class=\"vc_empty_space  hide_on_tablet hide_on_mobile\"   style=\"height: 4.4em\"><span class=\"vc_empty_space_inner\"><\/span><\/div>\n\t<div class=\"wpb_text_column wpb_content_element\" id=\"iptv\">\n\t\t<div class=\"wpb_wrapper\">\n\t\t\t<h4 id=\"plan-iptv\" style=\"text-align: center;\">IP TV service<\/h4>\n\n\t\t<\/div>\n\t<\/div>\n<div class=\"vc_empty_space\"   style=\"height: 2.5em\"><span class=\"vc_empty_space_inner\"><\/span><\/div><div class=\"vc_empty_space  hide_on_tablet hide_on_mobile\"   style=\"height: 2.5em\"><span class=\"vc_empty_space_inner\"><\/span><\/div><\/div><\/div><\/div><div class=\"wpb_column vc_column_container vc_col-sm-2 sc_layouts_column_icons_position_left\"><div class=\"vc_column-inner\"><div class=\"wpb_wrapper\"><\/div><\/div><\/div><\/div><div class=\"vc_row-full-width vc_clearfix\"><\/div><div data-vc-full-width=\"true\" data-vc-full-width-init=\"false\" class=\"vc_row wpb_row vc_row-fluid vc_custom_1510847121363 vc_row-has-fill\"><div class=\"wpb_column vc_column_container vc_col-sm-1 vc_hidden-sm vc_hidden-xs sc_layouts_column_icons_position_left\"><div class=\"vc_column-inner\"><div class=\"wpb_wrapper\"><\/div><\/div><\/div><div class=\"wpb_column vc_column_container vc_col-sm-12 vc_col-lg-10 vc_col-md-10 sc_layouts_column_icons_position_left\"><div class=\"vc_column-inner\"><div class=\"wpb_wrapper\"><div class=\"vc_tta-container\" data-vc-action=\"collapse\"><div class=\"vc_general vc_tta vc_tta-tabs vc_tta-color-grey vc_tta-style-classic vc_tta-shape-rounded vc_tta-spacing-10 vc_tta-gap-10 vc_tta-o-no-fill vc_tta-tabs-position-top vc_tta-controls-align-center\"><div class=\"vc_tta-tabs-container\"><ul class=\"vc_tta-tabs-list\"><li class=\"vc_tta-tab vc_active\" data-vc-tab><a href=\"#1626153878209-060c8d25-2999\" data-vc-tabs data-vc-container=\".vc_tta\"><i class=\"vc_tta-icon fas fa-tv\"><\/i><span class=\"vc_tta-title-text\"><\/span><\/a><\/li><\/ul><\/div><div class=\"vc_tta-panels-container\"><div class=\"vc_tta-panels\"><div class=\"vc_tta-panel vc_active\" id=\"1626153878209-060c8d25-2999\" data-vc-content=\".vc_tta-panel-body\"><div class=\"vc_tta-panel-heading\"><h4 class=\"vc_tta-panel-title\"><a href=\"#1626153878209-060c8d25-2999\" data-vc-accordion data-vc-container=\".vc_tta-container\"><i class=\"vc_tta-icon fas fa-tv\"><\/i><span class=\"vc_tta-title-text\"><\/span><\/a><\/h4><\/div><div class=\"vc_tta-panel-body\"><div id=\"sc_icons_2124056981\" \n\tclass=\"sc_icons sc_icons_default sc_icons_size_medium sc_align_center\"><div class=\"sc_icons_columns_wrap sc_item_columns trx_addons_columns_wrap columns_padding_bottom\"><div class=\"trx_addons_column-1_3\"><div class=\"sc_icons_item\"><div class=\"sc_icons_image\"><img data-recalc-dims=\"1\" decoding=\"async\" src=\"https:\/\/i0.wp.com\/fibraencasa.cr\/wp-content\/uploads\/2021\/06\/services_icon_1.png?resize=70%2C63&#038;ssl=1\" alt=\"sc-icons-image\" width=\"70\" height=\"63\"><\/div><h4 class=\"sc_icons_item_title\"><span>First TV<\/span><\/h4><div class=\"sc_icons_item_description\"><span>\u00a25.900 per month<\/span><\/div><\/div><\/div><div class=\"trx_addons_column-1_3\"><div class=\"sc_icons_item\"><div class=\"sc_icons_image\"><img data-recalc-dims=\"1\" decoding=\"async\" src=\"https:\/\/i0.wp.com\/fibraencasa.cr\/wp-content\/uploads\/2021\/06\/services_icon_1.png?resize=70%2C63&#038;ssl=1\" alt=\"sc-icons-image\" width=\"70\" height=\"63\"><\/div><h4 class=\"sc_icons_item_title\"><span>Additional TV<\/span><\/h4><div class=\"sc_icons_item_description\"><span>\u00a24.900 por mes<\/span><\/div><\/div><\/div><div class=\"trx_addons_column-1_3\"><div class=\"sc_icons_item\"><div class=\"sc_icons_image\"><img data-recalc-dims=\"1\" decoding=\"async\" src=\"https:\/\/i0.wp.com\/fibraencasa.cr\/wp-content\/uploads\/2021\/06\/services_icon_4.png?resize=70%2C63&#038;ssl=1\" alt=\"sc-icons-image\" width=\"70\" height=\"63\"><\/div><h4 class=\"sc_icons_item_title\"><span>Digital Box service<\/span><\/h4><div class=\"sc_icons_item_description\"><span>\u00a2690 per month<\/span><\/div><\/div><\/div><\/div><\/div><!-- \/.sc_icons -->\n\t<div class=\"wpb_text_column wpb_content_element\" >\n\t\t<div class=\"wpb_wrapper\">\n\t\t\t<h6 style=\"text-align: center;\">Precios incluyen IVA<\/h6>\n<p style=\"text-align: center;\">Los precios indicados son precios finales por el servicio de televisi\u00f3n IP. El equipo se brinda por medio de la modalidad de alquiler mensual, cada caja tiene un valor de \u00a2690 por mes i.v.a.i .<\/p>\n\n\t\t<\/div>\n\t<\/div>\n<div class=\"vc_empty_space\"   style=\"height: 2.2em\"><span class=\"vc_empty_space_inner\"><\/span><\/div><\/div><\/div><\/div><\/div><\/div><\/div><div class=\"vc_empty_space\"   style=\"height: 3.5em\"><span class=\"vc_empty_space_inner\"><\/span><\/div><\/div><\/div><\/div><div class=\"wpb_column vc_column_container vc_col-sm-1 vc_hidden-sm vc_hidden-xs sc_layouts_column_icons_position_left\"><div class=\"vc_column-inner\"><div class=\"wpb_wrapper\"><\/div><\/div><\/div><\/div><div class=\"vc_row-full-width vc_clearfix\"><\/div>","protected":false},"excerpt":{"rendered":"Internet de Banda ancha Todos nuestros planes brindan conexi\u00f3n sim\u00e9trica, a trav\u00e9s de una red&hellip;","protected":false},"author":99016,"featured_media":0,"parent":0,"menu_order":0,"comment_status":"closed","ping_status":"closed","template":"","meta":{"footnotes":""},"class_list":["post-3661","page","type-page","status-publish","hentry"],"yoast_head":"<!-- This site is optimized with the Yoast SEO plugin v19.13 - https:\/\/yoast.com\/wordpress\/plugins\/seo\/ -->\n<title>Planes - Fibra en Casa<\/title>\n<meta name=\"robots\" content=\"index, follow, max-snippet:-1, max-image-preview:large, max-video-preview:-1\" \/>\n<link rel=\"canonical\" href=\"https:\/\/fibraencasa.cr\/en\/planes-gam\/\" \/>\n<meta property=\"og:locale\" content=\"en_US\" \/>\n<meta property=\"og:type\" content=\"article\" \/>\n<meta property=\"og:title\" content=\"Planes - Fibra en Casa\" \/>\n<meta property=\"og:url\" content=\"https:\/\/fibraencasa.cr\/en\/planes-gam\/\" \/>\n<meta property=\"og:site_name\" content=\"Fibra en Casa\" \/>\n<meta property=\"article:publisher\" content=\"https:\/\/www.facebook.com\/fibraencasa\" \/>\n<meta property=\"article:modified_time\" content=\"2025-08-21T03:28:16+00:00\" \/>\n<meta name=\"twitter:card\" content=\"summary_large_image\" \/>\n<meta name=\"twitter:label1\" content=\"Est. reading time\" \/>\n\t<meta name=\"twitter:data1\" content=\"2 minutes\" \/>\n<script type=\"application\/ld+json\" class=\"yoast-schema-graph\">{\"@context\":\"https:\/\/schema.org\",\"@graph\":[{\"@type\":\"WebPage\",\"@id\":\"https:\/\/fibraencasa.cr\/planes-gam\/\",\"url\":\"https:\/\/fibraencasa.cr\/planes-gam\/\",\"name\":\"Planes - Fibra en Casa\",\"isPartOf\":{\"@id\":\"https:\/\/fibraencasa.cr\/#website\"},\"datePublished\":\"2022-12-07T18:24:59+00:00\",\"dateModified\":\"2025-08-21T03:28:16+00:00\",\"breadcrumb\":{\"@id\":\"https:\/\/fibraencasa.cr\/planes-gam\/#breadcrumb\"},\"inLanguage\":\"en-US\",\"potentialAction\":[{\"@type\":\"ReadAction\",\"target\":[\"https:\/\/fibraencasa.cr\/planes-gam\/\"]}]},{\"@type\":\"BreadcrumbList\",\"@id\":\"https:\/\/fibraencasa.cr\/planes-gam\/#breadcrumb\",\"itemListElement\":[{\"@type\":\"ListItem\",\"position\":1,\"name\":\"Portada\",\"item\":\"https:\/\/fibraencasa.cr\/\"},{\"@type\":\"ListItem\",\"position\":2,\"name\":\"Planes\"}]},{\"@type\":\"WebSite\",\"@id\":\"https:\/\/fibraencasa.cr\/#website\",\"url\":\"https:\/\/fibraencasa.cr\/\",\"name\":\"Fibra en Casa\",\"description\":\"El mejor servicio de internet por fibra \u00f3ptica\",\"publisher\":{\"@id\":\"https:\/\/fibraencasa.cr\/#organization\"},\"potentialAction\":[{\"@type\":\"SearchAction\",\"target\":{\"@type\":\"EntryPoint\",\"urlTemplate\":\"https:\/\/fibraencasa.cr\/?s={search_term_string}\"},\"query-input\":\"required name=search_term_string\"}],\"inLanguage\":\"en-US\"},{\"@type\":\"Organization\",\"@id\":\"https:\/\/fibraencasa.cr\/#organization\",\"name\":\"Fibra en Casa\",\"url\":\"https:\/\/fibraencasa.cr\/\",\"logo\":{\"@type\":\"ImageObject\",\"inLanguage\":\"en-US\",\"@id\":\"https:\/\/fibraencasa.cr\/#\/schema\/logo\/image\/\",\"url\":\"https:\/\/i0.wp.com\/fibraencasa.cr\/wp-content\/uploads\/2021\/06\/cropped-logo-fibra-en-casa.png?fit=297%2C106&ssl=1\",\"contentUrl\":\"https:\/\/i0.wp.com\/fibraencasa.cr\/wp-content\/uploads\/2021\/06\/cropped-logo-fibra-en-casa.png?fit=297%2C106&ssl=1\",\"width\":297,\"height\":106,\"caption\":\"Fibra en Casa\"},\"image\":{\"@id\":\"https:\/\/fibraencasa.cr\/#\/schema\/logo\/image\/\"},\"sameAs\":[\"https:\/\/www.instagram.com\/fibra_encasa\/\",\"https:\/\/www.youtube.com\/channel\/UC4h7ZB3wVl3FcWL5jM2aPzg\",\"https:\/\/www.facebook.com\/fibraencasa\"]}]}<\/script>\n<!-- \/ Yoast SEO plugin. -->","yoast_head_json":{"title":"Planes - Fibra en Casa","robots":{"index":"index","follow":"follow","max-snippet":"max-snippet:-1","max-image-preview":"max-image-preview:large","max-video-preview":"max-video-preview:-1"},"canonical":"https:\/\/fibraencasa.cr\/en\/planes-gam\/","og_locale":"en_US","og_type":"article","og_title":"Planes - Fibra en Casa","og_url":"https:\/\/fibraencasa.cr\/en\/planes-gam\/","og_site_name":"Fibra en Casa","article_publisher":"https:\/\/www.facebook.com\/fibraencasa","article_modified_time":"2025-08-21T03:28:16+00:00","twitter_card":"summary_large_image","twitter_misc":{"Est. reading time":"2 minutes"},"schema":{"@context":"https:\/\/schema.org","@graph":[{"@type":"WebPage","@id":"https:\/\/fibraencasa.cr\/planes-gam\/","url":"https:\/\/fibraencasa.cr\/planes-gam\/","name":"Planes - Fibra en Casa","isPartOf":{"@id":"https:\/\/fibraencasa.cr\/#website"},"datePublished":"2022-12-07T18:24:59+00:00","dateModified":"2025-08-21T03:28:16+00:00","breadcrumb":{"@id":"https:\/\/fibraencasa.cr\/planes-gam\/#breadcrumb"},"inLanguage":"en-US","potentialAction":[{"@type":"ReadAction","target":["https:\/\/fibraencasa.cr\/planes-gam\/"]}]},{"@type":"BreadcrumbList","@id":"https:\/\/fibraencasa.cr\/planes-gam\/#breadcrumb","itemListElement":[{"@type":"ListItem","position":1,"name":"Portada","item":"https:\/\/fibraencasa.cr\/"},{"@type":"ListItem","position":2,"name":"Planes"}]},{"@type":"WebSite","@id":"https:\/\/fibraencasa.cr\/#website","url":"https:\/\/fibraencasa.cr\/","name":"Fibra en Casa","description":"El mejor servicio de internet por fibra \u00f3ptica","publisher":{"@id":"https:\/\/fibraencasa.cr\/#organization"},"potentialAction":[{"@type":"SearchAction","target":{"@type":"EntryPoint","urlTemplate":"https:\/\/fibraencasa.cr\/?s={search_term_string}"},"query-input":"required name=search_term_string"}],"inLanguage":"en-US"},{"@type":"Organization","@id":"https:\/\/fibraencasa.cr\/#organization","name":"Fibra en Casa","url":"https:\/\/fibraencasa.cr\/","logo":{"@type":"ImageObject","inLanguage":"en-US","@id":"https:\/\/fibraencasa.cr\/#\/schema\/logo\/image\/","url":"https:\/\/i0.wp.com\/fibraencasa.cr\/wp-content\/uploads\/2021\/06\/cropped-logo-fibra-en-casa.png?fit=297%2C106&ssl=1","contentUrl":"https:\/\/i0.wp.com\/fibraencasa.cr\/wp-content\/uploads\/2021\/06\/cropped-logo-fibra-en-casa.png?fit=297%2C106&ssl=1","width":297,"height":106,"caption":"Fibra en Casa"},"image":{"@id":"https:\/\/fibraencasa.cr\/#\/schema\/logo\/image\/"},"sameAs":["https:\/\/www.instagram.com\/fibra_encasa\/","https:\/\/www.youtube.com\/channel\/UC4h7ZB3wVl3FcWL5jM2aPzg","https:\/\/www.facebook.com\/fibraencasa"]}]}},"jetpack_sharing_enabled":true,"_links":{"self":[{"href":"https:\/\/fibraencasa.cr\/en\/wp-json\/wp\/v2\/pages\/3661","targetHints":{"allow":["GET"]}}],"collection":[{"href":"https:\/\/fibraencasa.cr\/en\/wp-json\/wp\/v2\/pages"}],"about":[{"href":"https:\/\/fibraencasa.cr\/en\/wp-json\/wp\/v2\/types\/page"}],"author":[{"embeddable":true,"href":"https:\/\/fibraencasa.cr\/en\/wp-json\/wp\/v2\/users\/99016"}],"replies":[{"embeddable":true,"href":"https:\/\/fibraencasa.cr\/en\/wp-json\/wp\/v2\/comments?post=3661"}],"version-history":[{"count":68,"href":"https:\/\/fibraencasa.cr\/en\/wp-json\/wp\/v2\/pages\/3661\/revisions"}],"predecessor-version":[{"id":4316,"href":"https:\/\/fibraencasa.cr\/en\/wp-json\/wp\/v2\/pages\/3661\/revisions\/4316"}],"wp:attachment":[{"href":"https:\/\/fibraencasa.cr\/en\/wp-json\/wp\/v2\/media?parent=3661"}],"curies":[{"name":"wp","href":"https:\/\/api.w.org\/{rel}","templated":true}]}}