{"id":32,"date":"2017-11-15T09:18:21","date_gmt":"2017-11-15T09:18:21","guid":{"rendered":"https:\/\/fibraencasa.cr\/?page_id=32"},"modified":"2021-07-20T00:57:54","modified_gmt":"2021-07-20T00:57:54","slug":"contrata","status":"publish","type":"page","link":"https:\/\/fibraencasa.cr\/en\/contrata\/","title":{"rendered":"Contract"},"content":{"rendered":"<div class=\"vc_row wpb_row vc_row-fluid\"><div class=\"wpb_column vc_column_container vc_col-sm-12 sc_layouts_column_icons_position_left\"><div class=\"vc_column-inner\"><div class=\"wpb_wrapper\"><div id=\"sc_title_465487908\"\r\n\t\tclass=\"sc_title color_style_default sc_title_default\"><h3 class=\"sc_item_title sc_title_title sc_align_center sc_item_title_style_default\">Contract service here<\/h3><\/div><!-- \/.sc_title --><div class=\"vc_empty_space  height_medium\"   style=\"height: 32px\"><span class=\"vc_empty_space_inner\"><\/span><\/div><\/div><\/div><\/div><\/div><div class=\"vc_row wpb_row vc_row-fluid\"><div class=\"wpb_column vc_column_container vc_col-sm-3 sc_layouts_column_icons_position_left\"><div class=\"vc_column-inner\"><div class=\"wpb_wrapper\"><div class=\"vc_empty_space  height_small\"   style=\"height: 32px\"><span class=\"vc_empty_space_inner\"><\/span><\/div><div class=\"vc_separator wpb_content_element vc_separator_align_center vc_sep_width_100 vc_sep_pos_align_center vc_separator_no_text vc_sep_color_grey\" ><span class=\"vc_sep_holder vc_sep_holder_l\"><span  class=\"vc_sep_line\"><\/span><\/span><span class=\"vc_sep_holder vc_sep_holder_r\"><span  class=\"vc_sep_line\"><\/span><\/span>\n<\/div><\/div><\/div><\/div><div class=\"wpb_column vc_column_container vc_col-sm-6 sc_layouts_column_icons_position_left\"><div class=\"vc_column-inner\"><div class=\"wpb_wrapper\">\n<div class=\"wpcf7 no-js\" id=\"wpcf7-f3061-o1\" lang=\"es-ES\" dir=\"ltr\" data-wpcf7-id=\"3061\">\n<div class=\"screen-reader-response\"><p role=\"status\" aria-live=\"polite\" aria-atomic=\"true\"><\/p> <ul><\/ul><\/div>\n<form action=\"\/en\/wp-json\/wp\/v2\/pages\/32#wpcf7-f3061-o1\" method=\"post\" class=\"wpcf7-form init\" aria-label=\"Formulario de contacto\" novalidate=\"novalidate\" data-status=\"init\" data-trp-original-action=\"\/en\/wp-json\/wp\/v2\/pages\/32#wpcf7-f3061-o1\">\n<fieldset class=\"hidden-fields-container\"><input type=\"hidden\" name=\"_wpcf7\" value=\"3061\" \/><input type=\"hidden\" name=\"_wpcf7_version\" value=\"6.1.5\" \/><input type=\"hidden\" name=\"_wpcf7_locale\" value=\"es_ES\" \/><input type=\"hidden\" name=\"_wpcf7_unit_tag\" value=\"wpcf7-f3061-o1\" \/><input type=\"hidden\" name=\"_wpcf7_container_post\" value=\"0\" \/><input type=\"hidden\" name=\"_wpcf7_posted_data_hash\" value=\"\" \/><input type=\"hidden\" name=\"_wpcf7_recaptcha_response\" value=\"\" \/>\n<\/fieldset>\n<!-- Nombre -->\n<div id=\"talk-business\" class=\"area-cobertura\">\n\t<div class=\"row\">\n\t\t<div class=\"col-sm-12\">\n\t\t\t<p class=\"talk-business-title\">Name\n\t\t\t<\/p>\n\t\t\t<p><span class=\"wpcf7-form-control-wrap\" data-name=\"Name\"><input size=\"40\" maxlength=\"400\" class=\"wpcf7-form-control wpcf7-text wpcf7-validates-as-required style_contact_information\" aria-required=\"true\" aria-invalid=\"false\" value=\"\" type=\"text\" name=\"Name\" \/><\/span>\n\t\t\t<\/p>\n\t\t<\/div>\n\t<\/div>\n <!-- mail -->\n\t<div class=\"row\">\n\t\t<div class=\"col-sm-12\">\n\t\t\t<p class=\"talk-business-title\">E-mail\n\t\t\t<\/p>\n\t\t\t<p><span class=\"wpcf7-form-control-wrap\" data-name=\"Email\"><input size=\"40\" maxlength=\"400\" class=\"wpcf7-form-control wpcf7-email wpcf7-validates-as-required wpcf7-text wpcf7-validates-as-email style_contact_information\" aria-required=\"true\" aria-invalid=\"false\" value=\"\" type=\"email\" name=\"Email\" \/><\/span>\n\t\t\t<\/p>\n\t\t<\/div>\n\t<\/div>\n\n <!-- direccion -->\n\t<div class=\"row\">\n\t\t<div class=\"col-sm-12\">\n\t\t\t<p class=\"talk-business-title\">Location\n\t\t\t<\/p>\n\t\t\t<p><span class=\"wpcf7-form-control-wrap\" data-name=\"menu-760\"><select class=\"wpcf7-form-control wpcf7-select wpcf7-validates-as-required\" aria-required=\"true\" aria-invalid=\"false\" name=\"menu-760\"><option value=\"\">&#8212;Por favor, elige una opci\u00f3n&#8212;<\/option><option value=\"Cariari\">Cariari<\/option><option value=\"Hacienda Bel\u00e9n\">Hacienda Bel\u00e9n<\/option><option value=\"Bosques de Do\u00f1a Rosa\">Bosques de Do\u00f1a Rosa<\/option><option value=\"Condominio La Jolla\">Condominio La Jolla<\/option><option value=\"Los Arcos\">Los Arcos<\/option><option value=\"Casas Vita Los Arcos\">Casas Vita Los Arcos<\/option><option value=\"Haciendas de la Ribera\">Haciendas de la Ribera<\/option><option value=\"Torres Los Arcos\">Torres Los Arcos<\/option><option value=\"Residencial El Diamante\">Residencial El Diamante<\/option><option value=\"Condominio Monte Plata\">Condominio Monte Plata<\/option><option value=\"Condominio Torre del Golf\">Condominio Torre del Golf<\/option><option value=\"Condominio Monteverde\">Condominio Monteverde<\/option><option value=\"Residencial Las Vistas\">Residencial Las Vistas<\/option><option value=\"Condominio Terraf\u00e9\">Condominio Terraf\u00e9<\/option><option value=\"Terraf\u00e9-Terravista\">Terraf\u00e9-Terravista<\/option><option value=\"Condominio Vistas del Robledal\">Condominio Vistas del Robledal<\/option><option value=\"Urban Nunciatura\">Urban Nunciatura<\/option><option value=\"Tribca\">Tribca<\/option><option value=\"Avalon Santa Ana\">Avalon Santa Ana<\/option><option value=\"Condominio Monte Sol\">Condominio Monte Sol<\/option><option value=\"Condominio Solar del Valle\">Condominio Solar del Valle<\/option><option value=\"Condominio Fuerte Ventura\">Condominio Fuerte Ventura<\/option><option value=\"Condominio Villa Real\">Condominio Villa Real<\/option><option value=\"Condominio Sol Park 2\">Condominio Sol Park 2<\/option><option value=\"Verdi Condo Residences\">Verdi Condo Residences<\/option><option value=\"Almer\u00eda\">Almer\u00eda<\/option><\/select><\/span>\n\t\t\t<\/p>\n\t\t<\/div>\n\t<\/div>\n\n <!-- Tel\u00e9fono -->\n\t<div class=\"row\">\n\t\t<div class=\"col-sm-12\">\n\t\t\t<p class=\"talk-business-title\">Telephone\n\t\t\t<\/p>\n\t\t\t<p><span class=\"wpcf7-form-control-wrap\" data-name=\"tel-723\"><input size=\"40\" maxlength=\"400\" class=\"wpcf7-form-control wpcf7-tel wpcf7-validates-as-required wpcf7-text wpcf7-validates-as-tel\" aria-required=\"true\" aria-invalid=\"false\" value=\"\" type=\"tel\" name=\"tel-723\" \/><\/span>\n\t\t\t<\/p>\n\t\t<\/div>\n\t<\/div>\n\n <!-- N\u00famero de Casa -->\n\t<div class=\"row\">\n\t\t<div class=\"col-sm-12\">\n\t\t\t<p class=\"talk-business-title\">House number\n\t\t\t<\/p>\n\t\t\t<p><span class=\"wpcf7-form-control-wrap\" data-name=\"text-629\"><input size=\"40\" maxlength=\"400\" class=\"wpcf7-form-control wpcf7-text wpcf7-validates-as-required\" aria-required=\"true\" aria-invalid=\"false\" value=\"\" type=\"text\" name=\"text-629\" \/><\/span>\n\t\t\t<\/p>\n\t\t<\/div>\n\t<\/div>\n\n<!-- Servicio -->\n\t<div class=\"row\">\n\t\t<div class=\"col-sm-12\">\n\t\t\t<p class=\"talk-business-title\">Service\n\t\t\t<\/p>\n\t\t\t<p><span class=\"wpcf7-form-control-wrap\" data-name=\"menu-765\"><select class=\"wpcf7-form-control wpcf7-select wpcf7-validates-as-required\" aria-required=\"true\" aria-invalid=\"false\" name=\"menu-765\"><option value=\"\">&#8212;Por favor, elige una opci\u00f3n&#8212;<\/option><option value=\"50 Mb\">50 Mb<\/option><option value=\"75 Mb\">75 Mb<\/option><option value=\"100 Mb\">100 Mb<\/option><option value=\"150 Mb\">150 Mb<\/option><option value=\"300 Mb\">300 Mb<\/option><\/select><\/span>\n\t\t\t<\/p>\n\t\t<\/div>\n\t<\/div>\n\n<!-- comentarios -->\n\t<div class=\"row\">\n\t\t<div class=\"col-sm-12\">\n\t\t\t<p class=\"talk-business-title\">Describe the service you require\n\t\t\t<\/p>\n\t\t\t<p><span class=\"wpcf7-form-control-wrap\" data-name=\"comentarios\"><textarea cols=\"40\" rows=\"10\" maxlength=\"2000\" class=\"wpcf7-form-control wpcf7-textarea wpcf7-validates-as-required style_contact_information\" aria-required=\"true\" aria-invalid=\"false\" name=\"comentarios\"><\/textarea><\/span>\n\t\t\t<\/p>\n\t\t<\/div>\n\t<\/div>\n\n <!-- btns -->\n\t<div class=\"row contact_information_btns\">\n\t\t<div class=\"col-sm-12\">\n\t\t\t<p><input class=\"wpcf7-form-control wpcf7-submit has-spinner\" type=\"submit\" value=\"Send\" \/>\n\t\t\t<\/p>\n\t\t<\/div>\n\t<\/div>\n<\/div><div class=\"wpcf7-response-output\" aria-hidden=\"true\"><\/div>\n<input type=\"hidden\" name=\"trp-form-language\" value=\"en\"\/><\/form>\n<\/div>\n<\/div><\/div><\/div><div class=\"wpb_column vc_column_container vc_col-sm-3 sc_layouts_column_icons_position_left\"><div class=\"vc_column-inner\"><div class=\"wpb_wrapper\"><div class=\"vc_empty_space  height_small\"   style=\"height: 32px\"><span class=\"vc_empty_space_inner\"><\/span><\/div><\/div><\/div><\/div><\/div><div class=\"vc_row wpb_row vc_row-fluid\"><div class=\"wpb_column vc_column_container vc_col-sm-12 sc_layouts_column_icons_position_left\"><div class=\"vc_column-inner\"><div class=\"wpb_wrapper\"><div class=\"vc_empty_space  height_small\"   style=\"height: 32px\"><span class=\"vc_empty_space_inner\"><\/span><\/div><div class=\"vc_separator wpb_content_element vc_separator_align_center vc_sep_width_100 vc_sep_pos_align_center vc_separator_no_text vc_sep_color_grey\" ><span class=\"vc_sep_holder vc_sep_holder_l\"><span  class=\"vc_sep_line\"><\/span><\/span><span class=\"vc_sep_holder vc_sep_holder_r\"><span  class=\"vc_sep_line\"><\/span><\/span>\n<\/div><\/div><\/div><\/div><\/div>","protected":false},"excerpt":{"rendered":"Contrate aqu\u00ed su servicio Nombre Correo Ubicaci\u00f3n &#8212;Por favor, elige una opci\u00f3n&#8212;CariariHacienda Bel\u00e9nBosques de Do\u00f1a&hellip;","protected":false},"author":1,"featured_media":0,"parent":0,"menu_order":0,"comment_status":"closed","ping_status":"closed","template":"","meta":{"footnotes":""},"class_list":["post-32","page","type-page","status-publish","hentry"],"yoast_head":"<!-- This site is optimized with the Yoast SEO plugin v19.13 - https:\/\/yoast.com\/wordpress\/plugins\/seo\/ -->\n<title>Contrate - Fibra en Casa<\/title>\n<meta name=\"robots\" content=\"index, follow, max-snippet:-1, max-image-preview:large, max-video-preview:-1\" \/>\n<link rel=\"canonical\" href=\"https:\/\/fibraencasa.cr\/en\/contrata\/\" \/>\n<meta property=\"og:locale\" content=\"en_US\" \/>\n<meta property=\"og:type\" content=\"article\" \/>\n<meta property=\"og:title\" content=\"Contrate - Fibra en Casa\" \/>\n<meta property=\"og:url\" content=\"https:\/\/fibraencasa.cr\/en\/contrata\/\" \/>\n<meta property=\"og:site_name\" content=\"Fibra en Casa\" \/>\n<meta property=\"article:publisher\" content=\"https:\/\/www.facebook.com\/fibraencasa\" \/>\n<meta property=\"article:modified_time\" content=\"2021-07-20T00:57:54+00:00\" \/>\n<meta name=\"twitter:card\" content=\"summary_large_image\" \/>\n<script type=\"application\/ld+json\" class=\"yoast-schema-graph\">{\"@context\":\"https:\/\/schema.org\",\"@graph\":[{\"@type\":\"WebPage\",\"@id\":\"https:\/\/fibraencasa.cr\/contrata\/\",\"url\":\"https:\/\/fibraencasa.cr\/contrata\/\",\"name\":\"Contrate - Fibra en Casa\",\"isPartOf\":{\"@id\":\"https:\/\/fibraencasa.cr\/#website\"},\"datePublished\":\"2017-11-15T09:18:21+00:00\",\"dateModified\":\"2021-07-20T00:57:54+00:00\",\"breadcrumb\":{\"@id\":\"https:\/\/fibraencasa.cr\/contrata\/#breadcrumb\"},\"inLanguage\":\"en-US\",\"potentialAction\":[{\"@type\":\"ReadAction\",\"target\":[\"https:\/\/fibraencasa.cr\/contrata\/\"]}]},{\"@type\":\"BreadcrumbList\",\"@id\":\"https:\/\/fibraencasa.cr\/contrata\/#breadcrumb\",\"itemListElement\":[{\"@type\":\"ListItem\",\"position\":1,\"name\":\"Portada\",\"item\":\"https:\/\/fibraencasa.cr\/\"},{\"@type\":\"ListItem\",\"position\":2,\"name\":\"Contrate\"}]},{\"@type\":\"WebSite\",\"@id\":\"https:\/\/fibraencasa.cr\/#website\",\"url\":\"https:\/\/fibraencasa.cr\/\",\"name\":\"Fibra en Casa\",\"description\":\"El mejor servicio de internet por fibra \u00f3ptica\",\"publisher\":{\"@id\":\"https:\/\/fibraencasa.cr\/#organization\"},\"potentialAction\":[{\"@type\":\"SearchAction\",\"target\":{\"@type\":\"EntryPoint\",\"urlTemplate\":\"https:\/\/fibraencasa.cr\/?s={search_term_string}\"},\"query-input\":\"required name=search_term_string\"}],\"inLanguage\":\"en-US\"},{\"@type\":\"Organization\",\"@id\":\"https:\/\/fibraencasa.cr\/#organization\",\"name\":\"Fibra en Casa\",\"url\":\"https:\/\/fibraencasa.cr\/\",\"logo\":{\"@type\":\"ImageObject\",\"inLanguage\":\"en-US\",\"@id\":\"https:\/\/fibraencasa.cr\/#\/schema\/logo\/image\/\",\"url\":\"https:\/\/i0.wp.com\/fibraencasa.cr\/wp-content\/uploads\/2021\/06\/cropped-logo-fibra-en-casa.png?fit=297%2C106&ssl=1\",\"contentUrl\":\"https:\/\/i0.wp.com\/fibraencasa.cr\/wp-content\/uploads\/2021\/06\/cropped-logo-fibra-en-casa.png?fit=297%2C106&ssl=1\",\"width\":297,\"height\":106,\"caption\":\"Fibra en Casa\"},\"image\":{\"@id\":\"https:\/\/fibraencasa.cr\/#\/schema\/logo\/image\/\"},\"sameAs\":[\"https:\/\/www.instagram.com\/fibra_encasa\/\",\"https:\/\/www.youtube.com\/channel\/UC4h7ZB3wVl3FcWL5jM2aPzg\",\"https:\/\/www.facebook.com\/fibraencasa\"]}]}<\/script>\n<!-- \/ Yoast SEO plugin. -->","yoast_head_json":{"title":"Contrate - Fibra en Casa","robots":{"index":"index","follow":"follow","max-snippet":"max-snippet:-1","max-image-preview":"max-image-preview:large","max-video-preview":"max-video-preview:-1"},"canonical":"https:\/\/fibraencasa.cr\/en\/contrata\/","og_locale":"en_US","og_type":"article","og_title":"Contrate - Fibra en Casa","og_url":"https:\/\/fibraencasa.cr\/en\/contrata\/","og_site_name":"Fibra en Casa","article_publisher":"https:\/\/www.facebook.com\/fibraencasa","article_modified_time":"2021-07-20T00:57:54+00:00","twitter_card":"summary_large_image","schema":{"@context":"https:\/\/schema.org","@graph":[{"@type":"WebPage","@id":"https:\/\/fibraencasa.cr\/contrata\/","url":"https:\/\/fibraencasa.cr\/contrata\/","name":"Contrate - Fibra en Casa","isPartOf":{"@id":"https:\/\/fibraencasa.cr\/#website"},"datePublished":"2017-11-15T09:18:21+00:00","dateModified":"2021-07-20T00:57:54+00:00","breadcrumb":{"@id":"https:\/\/fibraencasa.cr\/contrata\/#breadcrumb"},"inLanguage":"en-US","potentialAction":[{"@type":"ReadAction","target":["https:\/\/fibraencasa.cr\/contrata\/"]}]},{"@type":"BreadcrumbList","@id":"https:\/\/fibraencasa.cr\/contrata\/#breadcrumb","itemListElement":[{"@type":"ListItem","position":1,"name":"Portada","item":"https:\/\/fibraencasa.cr\/"},{"@type":"ListItem","position":2,"name":"Contrate"}]},{"@type":"WebSite","@id":"https:\/\/fibraencasa.cr\/#website","url":"https:\/\/fibraencasa.cr\/","name":"Fibra en Casa","description":"El mejor servicio de internet por fibra \u00f3ptica","publisher":{"@id":"https:\/\/fibraencasa.cr\/#organization"},"potentialAction":[{"@type":"SearchAction","target":{"@type":"EntryPoint","urlTemplate":"https:\/\/fibraencasa.cr\/?s={search_term_string}"},"query-input":"required name=search_term_string"}],"inLanguage":"en-US"},{"@type":"Organization","@id":"https:\/\/fibraencasa.cr\/#organization","name":"Fibra en Casa","url":"https:\/\/fibraencasa.cr\/","logo":{"@type":"ImageObject","inLanguage":"en-US","@id":"https:\/\/fibraencasa.cr\/#\/schema\/logo\/image\/","url":"https:\/\/i0.wp.com\/fibraencasa.cr\/wp-content\/uploads\/2021\/06\/cropped-logo-fibra-en-casa.png?fit=297%2C106&ssl=1","contentUrl":"https:\/\/i0.wp.com\/fibraencasa.cr\/wp-content\/uploads\/2021\/06\/cropped-logo-fibra-en-casa.png?fit=297%2C106&ssl=1","width":297,"height":106,"caption":"Fibra en Casa"},"image":{"@id":"https:\/\/fibraencasa.cr\/#\/schema\/logo\/image\/"},"sameAs":["https:\/\/www.instagram.com\/fibra_encasa\/","https:\/\/www.youtube.com\/channel\/UC4h7ZB3wVl3FcWL5jM2aPzg","https:\/\/www.facebook.com\/fibraencasa"]}]}},"jetpack_sharing_enabled":true,"_links":{"self":[{"href":"https:\/\/fibraencasa.cr\/en\/wp-json\/wp\/v2\/pages\/32","targetHints":{"allow":["GET"]}}],"collection":[{"href":"https:\/\/fibraencasa.cr\/en\/wp-json\/wp\/v2\/pages"}],"about":[{"href":"https:\/\/fibraencasa.cr\/en\/wp-json\/wp\/v2\/types\/page"}],"author":[{"embeddable":true,"href":"https:\/\/fibraencasa.cr\/en\/wp-json\/wp\/v2\/users\/1"}],"replies":[{"embeddable":true,"href":"https:\/\/fibraencasa.cr\/en\/wp-json\/wp\/v2\/comments?post=32"}],"version-history":[{"count":0,"href":"https:\/\/fibraencasa.cr\/en\/wp-json\/wp\/v2\/pages\/32\/revisions"}],"wp:attachment":[{"href":"https:\/\/fibraencasa.cr\/en\/wp-json\/wp\/v2\/media?parent=32"}],"curies":[{"name":"wp","href":"https:\/\/api.w.org\/{rel}","templated":true}]}}