{"id":159,"date":"2017-11-16T12:56:43","date_gmt":"2017-11-16T12:56:43","guid":{"rendered":"https:\/\/fibraencasa.cr\/?page_id=159"},"modified":"2024-09-10T00:47:42","modified_gmt":"2024-09-10T00:47:42","slug":"contacto","status":"publish","type":"page","link":"https:\/\/fibraencasa.cr\/en\/contacto\/","title":{"rendered":"Contact us"},"content":{"rendered":"<div data-vc-full-width=\"true\" data-vc-full-width-init=\"false\" class=\"vc_row wpb_row vc_row-fluid vc_custom_1510835801825 vc_row-has-fill\"><div class=\"wpb_column vc_column_container vc_col-sm-2 sc_layouts_column_icons_position_left\"><div class=\"vc_column-inner\"><div class=\"wpb_wrapper\"><\/div><\/div><\/div><div class=\"wpb_column vc_column_container vc_col-sm-8 vc_col-lg-8 vc_col-md-8 vc_col-xs-12 sc_layouts_column_icons_position_left\"><div class=\"vc_column-inner\"><div class=\"wpb_wrapper\"><div class=\"vc_empty_space\"   style=\"height: 4.6em\"><span class=\"vc_empty_space_inner\"><\/span><\/div><div class=\"vc_empty_space  hide_on_mobile\"   style=\"height: 2.3em\"><span class=\"vc_empty_space_inner\"><\/span><\/div>\n\t<div  class=\"wpb_single_image wpb_content_element vc_align_center\">\n\t\t\n\t\t<figure class=\"wpb_wrapper vc_figure\">\n\t\t\t<div class=\"vc_single_image-wrapper   vc_box_border_grey\"><img decoding=\"async\" width=\"150\" height=\"150\" src=\"https:\/\/i0.wp.com\/fibraencasa.cr\/wp-content\/uploads\/2021\/09\/Contact-Center-Logo-FEC.png?resize=150%2C150&amp;ssl=1\" class=\"vc_single_image-img attachment-thumbnail\" alt=\"\" title=\"Contact-Center-Logo-FEC\" srcset=\"https:\/\/i0.wp.com\/fibraencasa.cr\/wp-content\/uploads\/2021\/09\/Contact-Center-Logo-FEC.png?resize=150%2C150&amp;ssl=1 150w, https:\/\/i0.wp.com\/fibraencasa.cr\/wp-content\/uploads\/2021\/09\/Contact-Center-Logo-FEC.png?resize=90%2C90&amp;ssl=1 90w, https:\/\/i0.wp.com\/fibraencasa.cr\/wp-content\/uploads\/2021\/09\/Contact-Center-Logo-FEC.png?resize=100%2C100&amp;ssl=1 100w, https:\/\/i0.wp.com\/fibraencasa.cr\/wp-content\/uploads\/2021\/09\/Contact-Center-Logo-FEC.png?resize=370%2C370&amp;ssl=1 370w, https:\/\/i0.wp.com\/fibraencasa.cr\/wp-content\/uploads\/2021\/09\/Contact-Center-Logo-FEC.png?zoom=2&amp;resize=150%2C150&amp;ssl=1 300w, https:\/\/i0.wp.com\/fibraencasa.cr\/wp-content\/uploads\/2021\/09\/Contact-Center-Logo-FEC.png?zoom=3&amp;resize=150%2C150&amp;ssl=1 450w\" sizes=\"(max-width: 150px) 100vw, 150px\" \/><\/div>\n\t\t<\/figure>\n\t<\/div>\n<div class=\"vc_empty_space  hide_on_tablet hide_on_mobile\"   style=\"height: 2.3em\"><span class=\"vc_empty_space_inner\"><\/span><\/div><div id=\"sc_icons_257881432\" \n\tclass=\"sc_icons sc_icons_default sc_icons_size_medium sc_align_center\"><div class=\"sc_icons_columns_wrap sc_item_columns trx_addons_columns_wrap columns_padding_bottom\"><div class=\"trx_addons_column-1_3\"><div class=\"sc_icons_item sc_icons_item_linked\"><div id=\"sc_icons_257881432_icon-telephone\" class=\"sc_icons_icon sc_icon_type_ icon-telephone\"\n\t\t\t\t\t\t\t\t\t\t\t\t><span class=\"sc_icon_type_ icon-telephone\"><\/span><\/div><h4 class=\"sc_icons_item_title\"><span>Telephone<\/span><\/h4><div class=\"sc_icons_item_description\"><span>800 800 34272 (FIBRA)<\/span><span>+(506) 4350 0010<\/span><\/div><a href=\"tel:+50643500010\" class=\"sc_icons_item_link\"><\/a><\/div><\/div><div class=\"trx_addons_column-1_3\"><div class=\"sc_icons_item sc_icons_item_linked\"><div id=\"sc_icons_257881432_icon-mobile\" class=\"sc_icons_icon sc_icon_type_ icon-mobile\"\n\t\t\t\t\t\t\t\t\t\t\t\t><span class=\"sc_icon_type_ icon-mobile\"><\/span><\/div><h4 class=\"sc_icons_item_title\"><span>Whatsapp<\/span><\/h4><div class=\"sc_icons_item_description\"><span>+506 8414 8000<\/span><\/div><a href=\"https:\/\/api.whatsapp.com\/send?phone=50684148000\" class=\"sc_icons_item_link\"><\/a><\/div><\/div><div class=\"trx_addons_column-1_3\"><div class=\"sc_icons_item sc_icons_item_linked\"><div id=\"sc_icons_257881432_icon-mail-1\" class=\"sc_icons_icon sc_icon_type_ icon-mail-1\"\n\t\t\t\t\t\t\t\t\t\t\t\t><span class=\"sc_icon_type_ icon-mail-1\"><\/span><\/div><h4 class=\"sc_icons_item_title\"><span>E-mail<\/span><\/h4><div class=\"sc_icons_item_description\"><span>sac@fibraencasa.cr<\/span><\/div><a href=\"mailto:ventas@fibraencasa.cr\" class=\"sc_icons_item_link\"><\/a><\/div><\/div><\/div><\/div><!-- \/.sc_icons --><div class=\"vc_empty_space\"   style=\"height: 3.5em\"><span class=\"vc_empty_space_inner\"><\/span><\/div><\/div><\/div><\/div><div class=\"wpb_column vc_column_container vc_col-sm-2 sc_layouts_column_icons_position_left\"><div class=\"vc_column-inner\"><div class=\"wpb_wrapper\"><\/div><\/div><\/div><\/div><div class=\"vc_row-full-width vc_clearfix\"><\/div><div class=\"vc_row wpb_row vc_row-fluid\"><div class=\"wpb_column vc_column_container vc_col-sm-2 vc_hidden-sm vc_hidden-xs sc_layouts_column_icons_position_left\"><div class=\"vc_column-inner\"><div class=\"wpb_wrapper\"><\/div><\/div><\/div><div class=\"wpb_column vc_column_container vc_col-sm-12 vc_col-lg-8 vc_col-md-8 vc_col-xs-12 sc_layouts_column_icons_position_left\"><div class=\"vc_column-inner\"><div class=\"wpb_wrapper\"><div class=\"vc_empty_space\"   style=\"height: 4.6em\"><span class=\"vc_empty_space_inner\"><\/span><\/div><div class=\"vc_empty_space  hide_on_mobile\"   style=\"height: 2.3em\"><span class=\"vc_empty_space_inner\"><\/span><\/div><div class=\"vc_empty_space  hide_on_tablet hide_on_mobile\"   style=\"height: 2.3em\"><span class=\"vc_empty_space_inner\"><\/span><\/div><div id=\"sc_title_1934646935\"\r\n\t\tclass=\"sc_title color_style_default sc_title_default\"><h6 class=\"sc_item_subtitle sc_title_subtitle sc_align_center sc_item_title_style_default\"><span>CONTACT US<\/span><\/h6><h3 class=\"sc_item_title sc_title_title sc_align_center sc_item_title_style_default\">If you have questions or comments<\/h3><\/div><!-- \/.sc_title --><div class=\"vc_empty_space\"   style=\"height: 4em\"><span class=\"vc_empty_space_inner\"><\/span><\/div><div class=\"vc_empty_space\"   style=\"height: 4em\"><span class=\"vc_empty_space_inner\"><\/span><\/div>\n<div class=\"wpcf7 no-js\" id=\"wpcf7-f3062-o1\" lang=\"es-ES\" dir=\"ltr\" data-wpcf7-id=\"3062\">\n<div class=\"screen-reader-response\"><p role=\"status\" aria-live=\"polite\" aria-atomic=\"true\"><\/p> <ul><\/ul><\/div>\n<form action=\"\/en\/wp-json\/wp\/v2\/pages\/159#wpcf7-f3062-o1\" method=\"post\" class=\"wpcf7-form init\" aria-label=\"Formulario de contacto\" novalidate=\"novalidate\" data-status=\"init\" data-trp-original-action=\"\/en\/wp-json\/wp\/v2\/pages\/159#wpcf7-f3062-o1\">\n<fieldset class=\"hidden-fields-container\"><input type=\"hidden\" name=\"_wpcf7\" value=\"3062\" \/><input type=\"hidden\" name=\"_wpcf7_version\" value=\"6.1.5\" \/><input type=\"hidden\" name=\"_wpcf7_locale\" value=\"es_ES\" \/><input type=\"hidden\" name=\"_wpcf7_unit_tag\" value=\"wpcf7-f3062-o1\" \/><input type=\"hidden\" name=\"_wpcf7_container_post\" value=\"0\" \/><input type=\"hidden\" name=\"_wpcf7_posted_data_hash\" value=\"\" \/><input type=\"hidden\" name=\"_wpcf7_recaptcha_response\" value=\"\" \/>\n<\/fieldset>\n<!-- name -->\n<div id=\"talk-business\">\n\t<div class=\"row\">\n\t\t<div class=\"col-sm-12\">\n\t\t\t<p class=\"talk-business-title\">Name\n\t\t\t<\/p>\n\t\t\t<p><span class=\"wpcf7-form-control-wrap\" data-name=\"Name\"><input size=\"40\" maxlength=\"400\" class=\"wpcf7-form-control wpcf7-text wpcf7-validates-as-required style_contact_information\" aria-required=\"true\" aria-invalid=\"false\" value=\"\" type=\"text\" name=\"Name\" \/><\/span>\n\t\t\t<\/p>\n\t\t<\/div>\n\t<\/div>\n\n<!-- telephone -->\n\t<div class=\"row\">\n\t\t<div class=\"col-sm-12\">\n\t\t\t<p class=\"talk-business-title\">Telephone\n\t\t\t<\/p>\n\t\t\t<p><span class=\"wpcf7-form-control-wrap\" data-name=\"tel-467\"><input size=\"40\" maxlength=\"400\" class=\"wpcf7-form-control wpcf7-tel wpcf7-validates-as-required wpcf7-text wpcf7-validates-as-tel\" aria-required=\"true\" aria-invalid=\"false\" value=\"\" type=\"tel\" name=\"tel-467\" \/><\/span>\n\t\t\t<\/p>\n\t\t<\/div>\n\t<\/div>\n\n <!-- mail & subject -->\n\t<div class=\"row\">\n\t\t<div class=\"col-sm-6\">\n\t\t\t<p class=\"talk-business-title\">Email\n\t\t\t<\/p>\n\t\t\t<p><span class=\"wpcf7-form-control-wrap\" data-name=\"Email\"><input size=\"40\" maxlength=\"400\" class=\"wpcf7-form-control wpcf7-email wpcf7-validates-as-required wpcf7-text wpcf7-validates-as-email style_contact_information\" aria-required=\"true\" aria-invalid=\"false\" value=\"\" type=\"email\" name=\"Email\" \/><\/span>\n\t\t\t<\/p>\n\t\t<\/div>\n\t\t<div class=\"col-sm-6\">\n\t\t\t<p class=\"talk-business-title\">Subject\n\t\t\t<\/p>\n\t\t\t<p><span class=\"wpcf7-form-control-wrap\" data-name=\"Subject\"><input size=\"40\" maxlength=\"400\" class=\"wpcf7-form-control wpcf7-text wpcf7-validates-as-required style_contact_information\" aria-required=\"true\" aria-invalid=\"false\" value=\"\" type=\"text\" name=\"Subject\" \/><\/span>\n\t\t\t<\/p>\n\t\t<\/div>\n\t<\/div>\n\n <!-- text area -->\n\t<div class=\"row\">\n\t\t<div class=\"col-sm-12\">\n\t\t\t<p class=\"talk-business-title\">Message\n\t\t\t<\/p>\n\t\t\t<p><span class=\"wpcf7-form-control-wrap\" data-name=\"Textarea\"><textarea cols=\"40\" rows=\"10\" maxlength=\"2000\" class=\"wpcf7-form-control wpcf7-textarea wpcf7-validates-as-required style_contact_information\" aria-required=\"true\" aria-invalid=\"false\" name=\"Textarea\"><\/textarea><\/span>\n\t\t\t<\/p>\n\t\t<\/div>\n\t<\/div>\n\n <!-- btns -->\n\t<div class=\"row contact_information_btns\">\n\t\t<div class=\"col-sm-3\">\n\t\t\t<p><input class=\"wpcf7-form-control wpcf7-submit has-spinner\" type=\"submit\" value=\"Send\" \/>\n\t\t\t<\/p>\n\t\t<\/div>\n \n <!--<div class=\"col-sm-3\">\n      <input class=\"wpcf7-form-control wpcf7-submit has-spinner\" type=\"submit\" value=\"Cancelar\" \/>\n    <\/div>-->\n\t\t<div class=\"col-sm-6\">\n\t\t<\/div>\n\t<\/div>\n<\/div><div class=\"wpcf7-response-output\" aria-hidden=\"true\"><\/div>\n<input type=\"hidden\" name=\"trp-form-language\" value=\"en\"\/><\/form>\n<\/div>\n<div class=\"vc_empty_space  hide_on_mobile\"   style=\"height: 2em\"><span class=\"vc_empty_space_inner\"><\/span><\/div><div class=\"vc_empty_space  hide_on_tablet hide_on_mobile\"   style=\"height: 2em\"><span class=\"vc_empty_space_inner\"><\/span><\/div><\/div><\/div><\/div><div class=\"wpb_column vc_column_container vc_col-sm-2 vc_hidden-sm vc_hidden-xs sc_layouts_column_icons_position_left\"><div class=\"vc_column-inner\"><div class=\"wpb_wrapper\"><\/div><\/div><\/div><\/div><div data-vc-full-width=\"true\" data-vc-full-width-init=\"false\" data-vc-stretch-content=\"true\" class=\"vc_row wpb_row vc_row-fluid vc_row-no-padding\"><div class=\"wpb_column vc_column_container vc_col-sm-12 sc_layouts_column_icons_position_left\"><div class=\"vc_column-inner\"><div class=\"wpb_wrapper\"><div id=\"sc_googlemap_727993507_wrap\" class=\"sc_googlemap_wrap\"><div id=\"sc_googlemap_727993507\"\r\n\t\t\tclass=\"sc_googlemap sc_googlemap_default\"\r\n\t\t\t style=\"width:100%;height:504px;\"\t\t\tdata-zoom=\"14\"\r\n\t\t\tdata-style=\"custom\"\r\n\t\t\tdata-cluster-icon=\"\"\r\n\r\n\t\t\t><iframe\r\n\t\t\t\t\tsrc=\"https:\/\/maps.google.com\/maps?t=m&output=embed&iwloc=near&z=14&q=Oficentro+Plaza+Aeropuerto+%2C+R%C3%ADo+Segundo%2C+Alajuela%2C+Costa+Ricas@9.9995953,-84.1889548\"\r\n\t\t\t\t\tscrolling=\"no\"\r\n\t\t\t\t\tmarginheight=\"0\"\r\n\t\t\t\t\tmarginwidth=\"0\"\r\n\t\t\t\t\tframeborder=\"0\"\r\n\t\t\t\t\taria-label=\"\"><\/iframe><\/div><\/div><!-- \/.sc_googlemap_wrap --><\/div><\/div><\/div><\/div><div class=\"vc_row-full-width vc_clearfix\"><\/div>","protected":false},"excerpt":{"rendered":"Tel\u00e9fono800 800 34272 (FIBRA)+(506) 4350 0010Whatsapp+506 8414 8000Correosac@fibraencasa.crCont\u00e1ctenosSi tiene consultas o comentarios Nombre Tel\u00e9fono Email&hellip;","protected":false},"author":1,"featured_media":0,"parent":0,"menu_order":0,"comment_status":"closed","ping_status":"closed","template":"","meta":{"footnotes":""},"class_list":["post-159","page","type-page","status-publish","hentry"],"yoast_head":"<!-- This site is optimized with the Yoast SEO plugin v19.13 - https:\/\/yoast.com\/wordpress\/plugins\/seo\/ -->\n<title>Contacto - Fibra en Casa<\/title>\n<meta name=\"robots\" content=\"index, follow, max-snippet:-1, max-image-preview:large, max-video-preview:-1\" \/>\n<link rel=\"canonical\" href=\"https:\/\/fibraencasa.cr\/en\/contacto\/\" \/>\n<meta property=\"og:locale\" content=\"en_US\" \/>\n<meta property=\"og:type\" content=\"article\" \/>\n<meta property=\"og:title\" content=\"Contacto - Fibra en Casa\" \/>\n<meta property=\"og:url\" content=\"https:\/\/fibraencasa.cr\/en\/contacto\/\" \/>\n<meta property=\"og:site_name\" content=\"Fibra en Casa\" \/>\n<meta property=\"article:publisher\" content=\"https:\/\/www.facebook.com\/fibraencasa\" \/>\n<meta property=\"article:modified_time\" content=\"2024-09-10T00:47:42+00:00\" \/>\n<meta name=\"twitter:card\" content=\"summary_large_image\" \/>\n<meta name=\"twitter:label1\" content=\"Est. reading time\" \/>\n\t<meta name=\"twitter:data1\" content=\"1 minute\" \/>\n<script type=\"application\/ld+json\" class=\"yoast-schema-graph\">{\"@context\":\"https:\/\/schema.org\",\"@graph\":[{\"@type\":\"WebPage\",\"@id\":\"https:\/\/fibraencasa.cr\/contacto\/\",\"url\":\"https:\/\/fibraencasa.cr\/contacto\/\",\"name\":\"Contacto - Fibra en Casa\",\"isPartOf\":{\"@id\":\"https:\/\/fibraencasa.cr\/#website\"},\"datePublished\":\"2017-11-16T12:56:43+00:00\",\"dateModified\":\"2024-09-10T00:47:42+00:00\",\"breadcrumb\":{\"@id\":\"https:\/\/fibraencasa.cr\/contacto\/#breadcrumb\"},\"inLanguage\":\"en-US\",\"potentialAction\":[{\"@type\":\"ReadAction\",\"target\":[\"https:\/\/fibraencasa.cr\/contacto\/\"]}]},{\"@type\":\"BreadcrumbList\",\"@id\":\"https:\/\/fibraencasa.cr\/contacto\/#breadcrumb\",\"itemListElement\":[{\"@type\":\"ListItem\",\"position\":1,\"name\":\"Portada\",\"item\":\"https:\/\/fibraencasa.cr\/\"},{\"@type\":\"ListItem\",\"position\":2,\"name\":\"Contacto\"}]},{\"@type\":\"WebSite\",\"@id\":\"https:\/\/fibraencasa.cr\/#website\",\"url\":\"https:\/\/fibraencasa.cr\/\",\"name\":\"Fibra en Casa\",\"description\":\"El mejor servicio de internet por fibra \u00f3ptica\",\"publisher\":{\"@id\":\"https:\/\/fibraencasa.cr\/#organization\"},\"potentialAction\":[{\"@type\":\"SearchAction\",\"target\":{\"@type\":\"EntryPoint\",\"urlTemplate\":\"https:\/\/fibraencasa.cr\/?s={search_term_string}\"},\"query-input\":\"required name=search_term_string\"}],\"inLanguage\":\"en-US\"},{\"@type\":\"Organization\",\"@id\":\"https:\/\/fibraencasa.cr\/#organization\",\"name\":\"Fibra en Casa\",\"url\":\"https:\/\/fibraencasa.cr\/\",\"logo\":{\"@type\":\"ImageObject\",\"inLanguage\":\"en-US\",\"@id\":\"https:\/\/fibraencasa.cr\/#\/schema\/logo\/image\/\",\"url\":\"https:\/\/i0.wp.com\/fibraencasa.cr\/wp-content\/uploads\/2021\/06\/cropped-logo-fibra-en-casa.png?fit=297%2C106&ssl=1\",\"contentUrl\":\"https:\/\/i0.wp.com\/fibraencasa.cr\/wp-content\/uploads\/2021\/06\/cropped-logo-fibra-en-casa.png?fit=297%2C106&ssl=1\",\"width\":297,\"height\":106,\"caption\":\"Fibra en Casa\"},\"image\":{\"@id\":\"https:\/\/fibraencasa.cr\/#\/schema\/logo\/image\/\"},\"sameAs\":[\"https:\/\/www.instagram.com\/fibra_encasa\/\",\"https:\/\/www.youtube.com\/channel\/UC4h7ZB3wVl3FcWL5jM2aPzg\",\"https:\/\/www.facebook.com\/fibraencasa\"]}]}<\/script>\n<!-- \/ Yoast SEO plugin. -->","yoast_head_json":{"title":"Contacto - Fibra en Casa","robots":{"index":"index","follow":"follow","max-snippet":"max-snippet:-1","max-image-preview":"max-image-preview:large","max-video-preview":"max-video-preview:-1"},"canonical":"https:\/\/fibraencasa.cr\/en\/contacto\/","og_locale":"en_US","og_type":"article","og_title":"Contacto - Fibra en Casa","og_url":"https:\/\/fibraencasa.cr\/en\/contacto\/","og_site_name":"Fibra en Casa","article_publisher":"https:\/\/www.facebook.com\/fibraencasa","article_modified_time":"2024-09-10T00:47:42+00:00","twitter_card":"summary_large_image","twitter_misc":{"Est. reading time":"1 minute"},"schema":{"@context":"https:\/\/schema.org","@graph":[{"@type":"WebPage","@id":"https:\/\/fibraencasa.cr\/contacto\/","url":"https:\/\/fibraencasa.cr\/contacto\/","name":"Contacto - Fibra en Casa","isPartOf":{"@id":"https:\/\/fibraencasa.cr\/#website"},"datePublished":"2017-11-16T12:56:43+00:00","dateModified":"2024-09-10T00:47:42+00:00","breadcrumb":{"@id":"https:\/\/fibraencasa.cr\/contacto\/#breadcrumb"},"inLanguage":"en-US","potentialAction":[{"@type":"ReadAction","target":["https:\/\/fibraencasa.cr\/contacto\/"]}]},{"@type":"BreadcrumbList","@id":"https:\/\/fibraencasa.cr\/contacto\/#breadcrumb","itemListElement":[{"@type":"ListItem","position":1,"name":"Portada","item":"https:\/\/fibraencasa.cr\/"},{"@type":"ListItem","position":2,"name":"Contacto"}]},{"@type":"WebSite","@id":"https:\/\/fibraencasa.cr\/#website","url":"https:\/\/fibraencasa.cr\/","name":"Fibra en Casa","description":"El mejor servicio de internet por fibra \u00f3ptica","publisher":{"@id":"https:\/\/fibraencasa.cr\/#organization"},"potentialAction":[{"@type":"SearchAction","target":{"@type":"EntryPoint","urlTemplate":"https:\/\/fibraencasa.cr\/?s={search_term_string}"},"query-input":"required name=search_term_string"}],"inLanguage":"en-US"},{"@type":"Organization","@id":"https:\/\/fibraencasa.cr\/#organization","name":"Fibra en Casa","url":"https:\/\/fibraencasa.cr\/","logo":{"@type":"ImageObject","inLanguage":"en-US","@id":"https:\/\/fibraencasa.cr\/#\/schema\/logo\/image\/","url":"https:\/\/i0.wp.com\/fibraencasa.cr\/wp-content\/uploads\/2021\/06\/cropped-logo-fibra-en-casa.png?fit=297%2C106&ssl=1","contentUrl":"https:\/\/i0.wp.com\/fibraencasa.cr\/wp-content\/uploads\/2021\/06\/cropped-logo-fibra-en-casa.png?fit=297%2C106&ssl=1","width":297,"height":106,"caption":"Fibra en Casa"},"image":{"@id":"https:\/\/fibraencasa.cr\/#\/schema\/logo\/image\/"},"sameAs":["https:\/\/www.instagram.com\/fibra_encasa\/","https:\/\/www.youtube.com\/channel\/UC4h7ZB3wVl3FcWL5jM2aPzg","https:\/\/www.facebook.com\/fibraencasa"]}]}},"jetpack_sharing_enabled":true,"_links":{"self":[{"href":"https:\/\/fibraencasa.cr\/en\/wp-json\/wp\/v2\/pages\/159","targetHints":{"allow":["GET"]}}],"collection":[{"href":"https:\/\/fibraencasa.cr\/en\/wp-json\/wp\/v2\/pages"}],"about":[{"href":"https:\/\/fibraencasa.cr\/en\/wp-json\/wp\/v2\/types\/page"}],"author":[{"embeddable":true,"href":"https:\/\/fibraencasa.cr\/en\/wp-json\/wp\/v2\/users\/1"}],"replies":[{"embeddable":true,"href":"https:\/\/fibraencasa.cr\/en\/wp-json\/wp\/v2\/comments?post=159"}],"version-history":[{"count":5,"href":"https:\/\/fibraencasa.cr\/en\/wp-json\/wp\/v2\/pages\/159\/revisions"}],"predecessor-version":[{"id":4067,"href":"https:\/\/fibraencasa.cr\/en\/wp-json\/wp\/v2\/pages\/159\/revisions\/4067"}],"wp:attachment":[{"href":"https:\/\/fibraencasa.cr\/en\/wp-json\/wp\/v2\/media?parent=159"}],"curies":[{"name":"wp","href":"https:\/\/api.w.org\/{rel}","templated":true}]}}